{"id":1233,"date":"2023-02-17T07:22:12","date_gmt":"2023-02-17T07:22:12","guid":{"rendered":"https:\/\/novuswinery.gr\/%ce%b4%ce%b9%ce%b1%ce%bd%ce%bf%ce%bc%ce%b7\/"},"modified":"2024-10-25T15:33:07","modified_gmt":"2024-10-25T15:33:07","slug":"distribution","status":"publish","type":"page","link":"https:\/\/novuswinery.gr\/en\/distribution\/","title":{"rendered":"DISTRIBUTION"},"content":{"rendered":"<div class=\"wpb-content-wrapper\"><p>[vc_row][vc_column width=&#8221;1\/1&#8243;][vc_single_image media=&#8221;948&#8243; media_width_percent=&#8221;100&#8243; uncode_shortcode_id=&#8221;628212&#8243;][\/vc_column][\/vc_row][vc_row row_height_percent=&#8221;0&#8243; overlay_alpha=&#8221;50&#8243; gutter_size=&#8221;3&#8243; column_width_percent=&#8221;100&#8243; shift_y=&#8221;0&#8243; z_index=&#8221;0&#8243; uncode_shortcode_id=&#8221;199378&#8243;][vc_column column_width_percent=&#8221;100&#8243; gutter_size=&#8221;3&#8243; overlay_alpha=&#8221;50&#8243; shift_x=&#8221;0&#8243; shift_y=&#8221;0&#8243; shift_y_down=&#8221;0&#8243; z_index=&#8221;0&#8243; medium_width=&#8221;0&#8243; mobile_width=&#8221;0&#8243; width=&#8221;1\/3&#8243; uncode_shortcode_id=&#8221;140443&#8243; el_class=&#8221;page-contact&#8211;block-text&#8221;][vc_column_text uncode_shortcode_id=&#8221;163572&#8243;]<\/p>\n<h3>Exclusive Distributor<\/h3>\n<h4>W.S. KAROULIAS (Headquarters)<\/h4>\n<p>23rd National Road Athens-Lamia, 14565 Agios Stefanos, Attica, Greece<br \/>\n\u03a4: +30 214 6876200<br \/>\ninfo@karoulias.gr<br \/>\nwww.karoulias.gr<\/p>\n<h4>W.S. KAROULIAS (N. Greece Branch)<\/h4>\n<p>47A-B Steliou Kazantzidi Str, 57001 Pylaia, Thessaloniki, Greece<br \/>\n\u03a4: +30 214 6876200<br \/>\ninfo@karoulias.gr<br \/>\nwww.karoulias.gr[\/vc_column_text][vc_column_text uncode_shortcode_id=&#8221;852457&#8243;]<\/p>\n<h3>United Kingdom<\/h3>\n<h4>ECLECTIC WINES, THE KITCHEN TABLE WINE COMPANY LTD<\/h4>\n<p>16 Holford Way, Queen Mary&#8217;s Place<br \/>\nLondon SW15 5FB, U.K.<br \/>\nT: +44 20 8788 4048<br \/>\neclecticwines@aol.com<br \/>\nwww.eclecticwines.co.uk[\/vc_column_text][vc_column_text uncode_shortcode_id=&#8221;191559&#8243;]<\/p>\n<h3>Netherlands<\/h3>\n<h4>HERMES GP &#8211; PANO KOLIAS<\/h4>\n<p>Grotedries 2, 6223 AE Maastricht,<br \/>\nThe Netherlands<br \/>\nT: +31 (0)652751759<br \/>\ninfo@hermesgp.nl<br \/>\nwww.hermesgp.nl<\/p>\n<h4>GRAPEDISTRICT B.V.<\/h4>\n<p>Van Woustraat 59H, 1074 AC Amsterdam<br \/>\nThe Netherlands<br \/>\nT.: +31 206651115<br \/>\nklantenservice@grapedistrict.nl<br \/>\nwww.grapedistrict.nl[\/vc_column_text][\/vc_column][vc_column column_width_percent=&#8221;100&#8243; gutter_size=&#8221;3&#8243; overlay_alpha=&#8221;50&#8243; shift_x=&#8221;0&#8243; shift_y=&#8221;0&#8243; shift_y_down=&#8221;0&#8243; z_index=&#8221;0&#8243; medium_width=&#8221;0&#8243; mobile_width=&#8221;0&#8243; width=&#8221;1\/3&#8243; uncode_shortcode_id=&#8221;124518&#8243;][vc_column_text uncode_shortcode_id=&#8221;160003&#8243;]<\/p>\n<h3>Canada<\/h3>\n<h4>S.A.Q. &#8211; SOCIETE DES ALCOOLS DU QUEBEC<\/h4>\n<p>7500 Rue Tellier, H1N 3W5, Montreal, Quebec<br \/>\nAGENCY: LA GARDE VINS, BI\u00c8RES ET SPIRITUEUX &#8211; FRAN\u00c7OIS M\u00c9NARD<br \/>\nLes S\u00e9lections Mario M\u00e9nard<br \/>\n405 Grand Coteau, Sainte-Julie, J3E 3H1<br \/>\nQu\u00e9bec, Canada<br \/>\nT: +1 514 602 8373<br \/>\nfmenard@agencelagarde.com<\/p>\n<h4>L.C.B.O. &#8211; LIQUOR CONTROL BOARD OF ONTARIO<\/h4>\n<p>100 Queens Quay East, Toronto, Ontario, M5E0C7<br \/>\nAGENCY: AMPHOREUS WINES INC. &#8211; DIMITRIS MANTZOURANIS<br \/>\n34 Leith Hill Road #409<br \/>\nNorth York, Ontario M2J1Z4<br \/>\nT: +1 (647) 821-2429<br \/>\namphoreus.wines@gmail.com<br \/>\namphoreus-wines-inc.business.site\/<\/p>\n<h4>B.C.L.D.B. &#8211; BRITISH COLUMBIA LIQUOR DISTRIBUTION BRANCH<\/h4>\n<p>3383 Gilmore Way, Burnaby V5G 4S1, BC &#8211; British Columbia<br \/>\nMARQUIS WINE CELLARS<br \/>\n1034 Davie Street, V6E 1M3<br \/>\nVancouver, British Columbia<br \/>\nT: +1 (604) 684 0445<br \/>\ninfo@marquis-wines.com<br \/>\nwww.marquis-wines.com[\/vc_column_text][\/vc_column][vc_column width=&#8221;1\/3&#8243;][vc_column_text uncode_shortcode_id=&#8221;196791&#8243;]<\/p>\n<h3>USA<\/h3>\n<h4>STELLAR IMPORTING COMPANY<\/h4>\n<p>14-34 150th Street, Suite 3, Whitestone<br \/>\nNew York 11357<br \/>\nT: +1 (718) 747 2141<br \/>\ninfo@stellarimports.com<br \/>\nwww.stellarimports.com[\/vc_column_text][vc_column_text uncode_shortcode_id=&#8221;891291&#8243;]<\/p>\n<h3>Germany<\/h3>\n<h4>VIN DU SUD<\/h4>\n<p>Lochhamer Schlag 12, 82166 Gr\u00e4felfing<br \/>\nT: +49 (0) 89 89 89 94 31<br \/>\ninfo@vindusud.de<br \/>\nwww.griechischer-weinversand-vindusud.de<\/p>\n<h4>WINE AND HARMOMY GMBH<\/h4>\n<p>Alexander Mei\u00dfner St. 40, 12526 Berlin<br \/>\nT: +49 163 2040734<br \/>\nrechnung@wineandharmony.com[\/vc_column_text][vc_column_text uncode_shortcode_id=&#8221;186499&#8243;]<\/p>\n<h3>Cyprus<\/h3>\n<h4>OTHON GHALANOS GROUP<\/h4>\n<p>94, Agias Fylaxeos Street<br \/>\nCY-3025 Limassol, Cyprus<br \/>\nT.: +357 25888000<br \/>\nogg@ghalanos.cy[\/vc_column_text][vc_column_text uncode_shortcode_id=&#8221;196614&#8243;]<\/p>\n<h3>South Korea<\/h3>\n<h4>Hellenic Wine Co., Ltd<\/h4>\n<p>900-14 Bangbae-dong, Seocho-gu, Seoul<br \/>\nRepublic of Korea<br \/>\nT: +82 2 3472 8060<br \/>\nhellenicwine@outlook.com<br \/>\nwww.hellenicwine.kr[\/vc_column_text][\/vc_column][\/vc_row]<\/p>\n<\/div>","protected":false},"excerpt":{"rendered":"<p>[vc_row][vc_column width=&#8221;1\/1&#8243;][vc_single_image media=&#8221;948&#8243; media_width_percent=&#8221;100&#8243; uncode_shortcode_id=&#8221;628212&#8243;][\/vc_column][\/vc_row][vc_row row_height_percent=&#8221;0&#8243; overlay_alpha=&#8221;50&#8243; gutter_size=&#8221;3&#8243; column_width_percent=&#8221;100&#8243; shift_y=&#8221;0&#8243; z_index=&#8221;0&#8243; uncode_shortcode_id=&#8221;199378&#8243;][vc_column column_width_percent=&#8221;100&#8243; gutter_size=&#8221;3&#8243; overlay_alpha=&#8221;50&#8243; shift_x=&#8221;0&#8243; shift_y=&#8221;0&#8243; shift_y_down=&#8221;0&#8243; z_index=&#8221;0&#8243; medium_width=&#8221;0&#8243; [&hellip;]<\/p>\n","protected":false},"author":1,"featured_media":0,"parent":0,"menu_order":1050,"comment_status":"closed","ping_status":"closed","template":"","meta":{"footnotes":""},"class_list":["post-1233","page","type-page","status-publish","hentry"],"_links":{"self":[{"href":"https:\/\/novuswinery.gr\/en\/wp-json\/wp\/v2\/pages\/1233","targetHints":{"allow":["GET"]}}],"collection":[{"href":"https:\/\/novuswinery.gr\/en\/wp-json\/wp\/v2\/pages"}],"about":[{"href":"https:\/\/novuswinery.gr\/en\/wp-json\/wp\/v2\/types\/page"}],"author":[{"embeddable":true,"href":"https:\/\/novuswinery.gr\/en\/wp-json\/wp\/v2\/users\/1"}],"replies":[{"embeddable":true,"href":"https:\/\/novuswinery.gr\/en\/wp-json\/wp\/v2\/comments?post=1233"}],"version-history":[{"count":0,"href":"https:\/\/novuswinery.gr\/en\/wp-json\/wp\/v2\/pages\/1233\/revisions"}],"wp:attachment":[{"href":"https:\/\/novuswinery.gr\/en\/wp-json\/wp\/v2\/media?parent=1233"}],"curies":[{"name":"wp","href":"https:\/\/api.w.org\/{rel}","templated":true}]}}